{"id":1099,"date":"2021-08-05T16:36:13","date_gmt":"2021-08-05T14:36:13","guid":{"rendered":"https:\/\/ideevan.fr\/?page_id=1099"},"modified":"2021-08-09T20:39:01","modified_gmt":"2021-08-09T18:39:01","slug":"1099-2","status":"publish","type":"page","link":"https:\/\/ideevan.fr\/index.php\/1099-2\/","title":{"rendered":"Isolation et Habillage"},"content":{"rendered":"\n<div class=\"wp-block-cover alignfull\" style=\"min-height:330px;aspect-ratio:unset;\"><img data-recalc-dims=\"1\" loading=\"lazy\" decoding=\"async\" width=\"1200\" height=\"800\" data-attachment-id=\"259\" data-permalink=\"https:\/\/ideevan.fr\/texture-of-wood\/\" data-orig-file=\"https:\/\/i0.wp.com\/ideevan.fr\/wp-content\/uploads\/2021\/03\/PHOTO_BOIS-scaled.jpg?fit=2560%2C1707&amp;ssl=1\" data-orig-size=\"2560,1707\" data-comments-opened=\"1\" data-image-meta=\"{&quot;aperture&quot;:&quot;14&quot;,&quot;credit&quot;:&quot;Ekkapon Sriharun&quot;,&quot;camera&quot;:&quot;Canon EOS 5D Mark II&quot;,&quot;caption&quot;:&quot;yellow natural wood texture background&quot;,&quot;created_timestamp&quot;:&quot;1466089190&quot;,&quot;copyright&quot;:&quot;Ekkapon 2012&quot;,&quot;focal_length&quot;:&quot;100&quot;,&quot;iso&quot;:&quot;100&quot;,&quot;shutter_speed&quot;:&quot;0.005&quot;,&quot;title&quot;:&quot;Texture of wood&quot;,&quot;orientation&quot;:&quot;1&quot;}\" data-image-title=\"Texture of wood\" data-image-description=\"\" data-image-caption=\"&lt;p&gt;yellow natural wood texture background&lt;\/p&gt;\n\" data-large-file=\"https:\/\/i0.wp.com\/ideevan.fr\/wp-content\/uploads\/2021\/03\/PHOTO_BOIS-scaled.jpg?fit=1024%2C683&amp;ssl=1\" class=\"wp-block-cover__image-background wp-image-259\" alt=\"\" src=\"https:\/\/i0.wp.com\/ideevan.fr\/wp-content\/uploads\/2021\/03\/PHOTO_BOIS-scaled.jpg?resize=1200%2C800&#038;ssl=1\" data-object-fit=\"cover\" srcset=\"https:\/\/i0.wp.com\/ideevan.fr\/wp-content\/uploads\/2021\/03\/PHOTO_BOIS-scaled.jpg?w=2560&amp;ssl=1 2560w, https:\/\/i0.wp.com\/ideevan.fr\/wp-content\/uploads\/2021\/03\/PHOTO_BOIS-scaled.jpg?resize=300%2C200&amp;ssl=1 300w, https:\/\/i0.wp.com\/ideevan.fr\/wp-content\/uploads\/2021\/03\/PHOTO_BOIS-scaled.jpg?resize=1024%2C683&amp;ssl=1 1024w, https:\/\/i0.wp.com\/ideevan.fr\/wp-content\/uploads\/2021\/03\/PHOTO_BOIS-scaled.jpg?resize=768%2C512&amp;ssl=1 768w, https:\/\/i0.wp.com\/ideevan.fr\/wp-content\/uploads\/2021\/03\/PHOTO_BOIS-scaled.jpg?resize=1536%2C1024&amp;ssl=1 1536w, https:\/\/i0.wp.com\/ideevan.fr\/wp-content\/uploads\/2021\/03\/PHOTO_BOIS-scaled.jpg?resize=2048%2C1365&amp;ssl=1 2048w, https:\/\/i0.wp.com\/ideevan.fr\/wp-content\/uploads\/2021\/03\/PHOTO_BOIS-scaled.jpg?resize=930%2C620&amp;ssl=1 930w, https:\/\/i0.wp.com\/ideevan.fr\/wp-content\/uploads\/2021\/03\/PHOTO_BOIS-scaled.jpg?w=2400&amp;ssl=1 2400w\" sizes=\"auto, (max-width: 1200px) 100vw, 1200px\" \/><div class=\"wp-block-cover__inner-container is-layout-flow wp-block-cover-is-layout-flow\">\n<h3 class=\"has-text-align-center wp-block-heading\"><span class=\"has-inline-color has-neve-link-color-color\">Nous travaillons avec les meilleurs mat\u00e9riaux pour isoler au mieux votre van. Deux solutions s&#8217;offrent \u00e0 vous : l&#8217;isolant mince multicouche 10 mm et le Biofib chanvre, lin et coton.<\/span><\/h3>\n\n\n\n<h3 class=\"has-text-align-center wp-block-heading\"><span class=\"has-inline-color has-neve-link-color-color\">Pour ce qui est de l&#8217;habillage, nous proposons des panneaux de bois en contre-plaqu\u00e9 Peuplier ou Okoum\u00e9 et du Valchromat. Vous pouvez aussi choisir d&#8217;habiller vos panneaux avec notre moquette de chez Mariano Tafalla.<\/span><\/h3>\n<\/div><\/div>\n\n\n\n<div style=\"height:21px\" aria-hidden=\"true\" class=\"wp-block-spacer\"><\/div>\n\n\n\n<div class=\"wp-block-cover alignfull has-neve-link-hover-color-background-color has-background-dim\" style=\"min-height:747px;aspect-ratio:unset;\"><div class=\"wp-block-cover__inner-container is-layout-flow wp-block-cover-is-layout-flow\">\n<h2 class=\"has-text-align-center has-nv-text-dark-bg-color has-text-color wp-block-heading\">Isolant mince AT150<\/h2>\n\n\n\n<div style=\"height:22px\" aria-hidden=\"true\" class=\"wp-block-spacer\"><\/div>\n\n\n\n<div class=\"wp-block-columns is-layout-flex wp-container-core-columns-is-layout-9d6595d7 wp-block-columns-is-layout-flex\">\n<div class=\"wp-block-column is-layout-flow wp-block-column-is-layout-flow\">\n<p>    <span class=\"has-inline-color has-nv-site-bg-color\">Avec une bonne performance thermique (R=3,48m\u00b2.K\/W), cet isolant peut couvrir m\u00eame les zones o\u00f9 il y a le moins de place. Il est compos\u00e9 de deux faces aluminium, une mousse de 3 mm et deux nappes de bulles d&#8217;air PE 150. C&#8217;est la meilleure proposition rapport qualit\u00e9 prix, pour les budgets serr\u00e9s.<\/span> <\/p>\n\n\n\n<p><span class=\"has-inline-color has-nv-site-bg-color\">A partir de 600\u20ac TTC pour un L1H1<\/span><\/p>\n\n\n\n<div style=\"height:60px\" aria-hidden=\"true\" class=\"wp-block-spacer\"><\/div>\n\n\n\n<div class=\"wp-block-buttons is-content-justification-center is-layout-flex wp-block-buttons-is-layout-flex\">\n<div class=\"wp-block-button\"><a class=\"wp-block-button__link\" href=\"https:\/\/ideevan.fr\/index.php\/prestations\/\">Retour aux prestations<\/a><\/div>\n<\/div>\n<\/div>\n\n\n\n<div class=\"wp-block-column is-layout-flow wp-block-column-is-layout-flow\">\n<figure class=\"wp-block-image size-large is-style-default\"><img data-recalc-dims=\"1\" loading=\"lazy\" decoding=\"async\" width=\"1024\" height=\"978\" data-attachment-id=\"1115\" data-permalink=\"https:\/\/ideevan.fr\/image1-2\/\" data-orig-file=\"https:\/\/i0.wp.com\/ideevan.fr\/wp-content\/uploads\/2021\/08\/Image1.png?fit=1332%2C1272&amp;ssl=1\" data-orig-size=\"1332,1272\" data-comments-opened=\"1\" data-image-meta=\"{&quot;aperture&quot;:&quot;0&quot;,&quot;credit&quot;:&quot;&quot;,&quot;camera&quot;:&quot;&quot;,&quot;caption&quot;:&quot;&quot;,&quot;created_timestamp&quot;:&quot;0&quot;,&quot;copyright&quot;:&quot;&quot;,&quot;focal_length&quot;:&quot;0&quot;,&quot;iso&quot;:&quot;0&quot;,&quot;shutter_speed&quot;:&quot;0&quot;,&quot;title&quot;:&quot;&quot;,&quot;orientation&quot;:&quot;0&quot;}\" data-image-title=\"Image1\" data-image-description=\"\" data-image-caption=\"\" data-large-file=\"https:\/\/i0.wp.com\/ideevan.fr\/wp-content\/uploads\/2021\/08\/Image1.png?fit=1024%2C978&amp;ssl=1\" src=\"https:\/\/i0.wp.com\/ideevan.fr\/wp-content\/uploads\/2021\/08\/Image1.png?resize=1024%2C978&#038;ssl=1\" alt=\"\" class=\"wp-image-1115\" srcset=\"https:\/\/i0.wp.com\/ideevan.fr\/wp-content\/uploads\/2021\/08\/Image1.png?resize=1024%2C978&amp;ssl=1 1024w, https:\/\/i0.wp.com\/ideevan.fr\/wp-content\/uploads\/2021\/08\/Image1.png?resize=300%2C286&amp;ssl=1 300w, https:\/\/i0.wp.com\/ideevan.fr\/wp-content\/uploads\/2021\/08\/Image1.png?resize=768%2C733&amp;ssl=1 768w, https:\/\/i0.wp.com\/ideevan.fr\/wp-content\/uploads\/2021\/08\/Image1.png?w=1332&amp;ssl=1 1332w\" sizes=\"auto, (max-width: 1024px) 100vw, 1024px\" \/><\/figure>\n<\/div>\n<\/div>\n<\/div><\/div>\n\n\n\n<div style=\"height:21px\" aria-hidden=\"true\" class=\"wp-block-spacer\"><\/div>\n\n\n\n<div class=\"wp-block-cover alignfull has-nv-dark-bg-background-color has-background-dim\"><div class=\"wp-block-cover__inner-container is-layout-flow wp-block-cover-is-layout-flow\">\n<h2 class=\"has-text-align-center has-neve-link-color-color has-text-color wp-block-heading\">Biofib chanvre lin et coton<\/h2>\n\n\n\n<div style=\"height:20px\" aria-hidden=\"true\" class=\"wp-block-spacer\"><\/div>\n\n\n\n<div class=\"wp-block-columns is-layout-flex wp-container-core-columns-is-layout-9d6595d7 wp-block-columns-is-layout-flex\">\n<div class=\"wp-block-column is-layout-flow wp-block-column-is-layout-flow\">\n<figure class=\"wp-block-image size-large is-style-default\"><img data-recalc-dims=\"1\" loading=\"lazy\" decoding=\"async\" width=\"1024\" height=\"970\" data-attachment-id=\"1113\" data-permalink=\"https:\/\/ideevan.fr\/image2-3\/\" data-orig-file=\"https:\/\/i0.wp.com\/ideevan.fr\/wp-content\/uploads\/2021\/08\/Image2-1.png?fit=1429%2C1353&amp;ssl=1\" data-orig-size=\"1429,1353\" data-comments-opened=\"1\" data-image-meta=\"{&quot;aperture&quot;:&quot;0&quot;,&quot;credit&quot;:&quot;&quot;,&quot;camera&quot;:&quot;&quot;,&quot;caption&quot;:&quot;&quot;,&quot;created_timestamp&quot;:&quot;0&quot;,&quot;copyright&quot;:&quot;&quot;,&quot;focal_length&quot;:&quot;0&quot;,&quot;iso&quot;:&quot;0&quot;,&quot;shutter_speed&quot;:&quot;0&quot;,&quot;title&quot;:&quot;&quot;,&quot;orientation&quot;:&quot;0&quot;}\" data-image-title=\"Image2\" data-image-description=\"\" data-image-caption=\"\" data-large-file=\"https:\/\/i0.wp.com\/ideevan.fr\/wp-content\/uploads\/2021\/08\/Image2-1.png?fit=1024%2C970&amp;ssl=1\" src=\"https:\/\/i0.wp.com\/ideevan.fr\/wp-content\/uploads\/2021\/08\/Image2-1.png?resize=1024%2C970&#038;ssl=1\" alt=\"\" class=\"wp-image-1113\" srcset=\"https:\/\/i0.wp.com\/ideevan.fr\/wp-content\/uploads\/2021\/08\/Image2-1.png?resize=1024%2C970&amp;ssl=1 1024w, https:\/\/i0.wp.com\/ideevan.fr\/wp-content\/uploads\/2021\/08\/Image2-1.png?resize=300%2C284&amp;ssl=1 300w, https:\/\/i0.wp.com\/ideevan.fr\/wp-content\/uploads\/2021\/08\/Image2-1.png?resize=768%2C727&amp;ssl=1 768w, https:\/\/i0.wp.com\/ideevan.fr\/wp-content\/uploads\/2021\/08\/Image2-1.png?w=1429&amp;ssl=1 1429w\" sizes=\"auto, (max-width: 1024px) 100vw, 1024px\" \/><\/figure>\n<\/div>\n\n\n\n<div class=\"wp-block-column is-layout-flow wp-block-column-is-layout-flow\">\n<p class=\"has-text-align-left has-neve-link-color-color has-text-color\">   Le panneau Biofib Trio est un isolant naturel et \u00e9cologique. Ce dernier est constitu\u00e9 d&#8217;un m\u00e9lange de fibre de coton, de lin et de chanvre, le tout associ\u00e9 \u00e0 un liant PE. Il est tr\u00e8s r\u00e9sistant et dot\u00e9 d&#8217;excellentes performances thermiques (R=5,25 m\u00b2.K\/W). Il se loge dans tous les volumes des armatures, ce qui r\u00e9duit au maximum les ponts thermiques. Par ailleurs, nous posons des panneaux de 80 mm d&#8217;\u00e9paisseur pour les parois et 45 mm pour le plafond. Parmi les nombreuses qualit\u00e9s de ce mat\u00e9riau, on compte aussi ses propri\u00e9t\u00e9s d&#8217;isolation phonique, qui rendront vos instants dans votre v\u00e9hicule am\u00e9nag\u00e9 des plus calmes.<\/p>\n\n\n\n<p class=\"has-text-align-left has-neve-link-color-color has-text-color\">A partir de 840\u20ac TTC pour un L1H1<\/p>\n\n\n\n<div class=\"wp-block-buttons is-content-justification-center is-layout-flex wp-block-buttons-is-layout-flex\">\n<div class=\"wp-block-button\"><a class=\"wp-block-button__link\" href=\"https:\/\/ideevan.fr\/index.php\/prestations\/\">retour aux prestations<\/a><\/div>\n<\/div>\n<\/div>\n<\/div>\n<\/div><\/div>\n\n\n\n<div style=\"height:22px\" aria-hidden=\"true\" class=\"wp-block-spacer\"><\/div>\n\n\n\n<div class=\"wp-block-cover alignfull has-neve-link-hover-color-background-color has-background-dim\"><div class=\"wp-block-cover__inner-container is-layout-flow wp-block-cover-is-layout-flow\">\n<h2 class=\"has-text-align-center wp-block-heading\"><span class=\"has-inline-color has-nv-site-bg-color\">Habillage<\/span><\/h2>\n\n\n\n<div style=\"height:20px\" aria-hidden=\"true\" class=\"wp-block-spacer\"><\/div>\n\n\n\n<div class=\"wp-block-columns is-layout-flex wp-container-core-columns-is-layout-9d6595d7 wp-block-columns-is-layout-flex\">\n<div class=\"wp-block-column is-layout-flow wp-block-column-is-layout-flow\">\n<p><span class=\"has-inline-color has-nv-site-bg-color\">Nous vous proposons des solutions pour vous offrir un large choix de produits finis. Associez du contre-plaqu\u00e9 Okoum\u00e9 ou Peuplier \u00e0 notre gamme d&#8217;huile Rubio 2C. Aussi, vous pouvez choisir la solution Valchromat avec les panneau de 8 mm d&#8217;\u00e9paisseur. Pour finir, il vous reste la solution de notre moquette \u00e0 poser sur les panneaux de bois. Pour ceux qui veulent du lambris, nous pensons \u00e0 vous en vous proposant un effet lambris sur les panneaux d&#8217;habillages.<\/span><\/p>\n\n\n\n<ul class=\"wp-block-list\"><li><span class=\"has-inline-color has-nv-site-bg-color\">CP Peuplier \u00e0 partir de 900\u20ac TTC<\/span><\/li><li><span class=\"has-inline-color has-nv-site-bg-color\">CP Okoum\u00e9 \u00e0 partir de 950\u20ac TTC<\/span><\/li><li><span class=\"has-inline-color has-nv-site-bg-color\">Valchromat \u00e0 partir de 1100\u20ac TTC<\/span><\/li><li><span class=\"has-inline-color has-nv-site-bg-color\">Huile Rubio 2C \u00e0 partir de 10\u20ac\/m\u00b2<\/span><\/li><li><span class=\"has-inline-color has-nv-site-bg-color\">Effet lambris \u00e0 partir de 150\u20ac<\/span><\/li><\/ul>\n\n\n\n<div style=\"height:30px\" aria-hidden=\"true\" class=\"wp-block-spacer\"><\/div>\n\n\n\n<div class=\"wp-block-buttons is-content-justification-center is-layout-flex wp-block-buttons-is-layout-flex\">\n<div class=\"wp-block-button\"><a class=\"wp-block-button__link\" href=\"https:\/\/ideevan.fr\/index.php\/2021\/03\/17\/une-large-gamme-pour-de-nombreux-gouts\/\">plus d&#8217;informations sur nos panneaux<\/a><\/div>\n<\/div>\n\n\n\n<div style=\"height:27px\" aria-hidden=\"true\" class=\"wp-block-spacer\"><\/div>\n\n\n\n<div class=\"wp-block-buttons is-content-justification-center is-layout-flex wp-block-buttons-is-layout-flex\">\n<div class=\"wp-block-button\"><a class=\"wp-block-button__link\" href=\"https:\/\/ideevan.fr\/index.php\/2021\/03\/19\/rubio-la-touche-final-pour-votre-amenagement-de-van\/\">plus d&#8217;informations sur la gamme RUBio<\/a><\/div>\n<\/div>\n\n\n\n<div style=\"height:26px\" aria-hidden=\"true\" class=\"wp-block-spacer\"><\/div>\n\n\n\n<div class=\"wp-block-buttons is-content-justification-center is-layout-flex wp-block-buttons-is-layout-flex\">\n<div class=\"wp-block-button\"><a class=\"wp-block-button__link\" href=\"https:\/\/ideevan.fr\/index.php\/prestations\/\">retour aux prestations<\/a><\/div>\n<\/div>\n<\/div>\n\n\n\n<div class=\"wp-block-column is-layout-flow wp-block-column-is-layout-flow\">\n<figure class=\"wp-block-image size-large is-style-default\"><img data-recalc-dims=\"1\" loading=\"lazy\" decoding=\"async\" width=\"1024\" height=\"956\" data-attachment-id=\"1116\" data-permalink=\"https:\/\/ideevan.fr\/image3\/\" data-orig-file=\"https:\/\/i0.wp.com\/ideevan.fr\/wp-content\/uploads\/2021\/08\/Image3.png?fit=1337%2C1248&amp;ssl=1\" data-orig-size=\"1337,1248\" data-comments-opened=\"1\" data-image-meta=\"{&quot;aperture&quot;:&quot;0&quot;,&quot;credit&quot;:&quot;&quot;,&quot;camera&quot;:&quot;&quot;,&quot;caption&quot;:&quot;&quot;,&quot;created_timestamp&quot;:&quot;0&quot;,&quot;copyright&quot;:&quot;&quot;,&quot;focal_length&quot;:&quot;0&quot;,&quot;iso&quot;:&quot;0&quot;,&quot;shutter_speed&quot;:&quot;0&quot;,&quot;title&quot;:&quot;&quot;,&quot;orientation&quot;:&quot;0&quot;}\" data-image-title=\"Image3\" data-image-description=\"\" data-image-caption=\"\" data-large-file=\"https:\/\/i0.wp.com\/ideevan.fr\/wp-content\/uploads\/2021\/08\/Image3.png?fit=1024%2C956&amp;ssl=1\" src=\"https:\/\/i0.wp.com\/ideevan.fr\/wp-content\/uploads\/2021\/08\/Image3.png?resize=1024%2C956&#038;ssl=1\" alt=\"\" class=\"wp-image-1116\" srcset=\"https:\/\/i0.wp.com\/ideevan.fr\/wp-content\/uploads\/2021\/08\/Image3.png?resize=1024%2C956&amp;ssl=1 1024w, https:\/\/i0.wp.com\/ideevan.fr\/wp-content\/uploads\/2021\/08\/Image3.png?resize=300%2C280&amp;ssl=1 300w, https:\/\/i0.wp.com\/ideevan.fr\/wp-content\/uploads\/2021\/08\/Image3.png?resize=768%2C717&amp;ssl=1 768w, https:\/\/i0.wp.com\/ideevan.fr\/wp-content\/uploads\/2021\/08\/Image3.png?w=1337&amp;ssl=1 1337w\" sizes=\"auto, (max-width: 1024px) 100vw, 1024px\" \/><\/figure>\n\n\n\n<p><\/p>\n<\/div>\n<\/div>\n<\/div><\/div>\n\n\n\n<div style=\"height:26px\" aria-hidden=\"true\" class=\"wp-block-spacer\"><\/div>\n","protected":false},"excerpt":{"rendered":"","protected":false},"author":1,"featured_media":0,"parent":0,"menu_order":0,"comment_status":"closed","ping_status":"closed","template":"","meta":{"_uag_custom_page_level_css":"","neve_meta_sidebar":"full-width","neve_meta_container":"","neve_meta_enable_content_width":"on","neve_meta_content_width":100,"neve_meta_title_alignment":"","neve_meta_author_avatar":"","neve_post_elements_order":"","neve_meta_disable_header":"","neve_meta_disable_footer":"","neve_meta_disable_title":"","footnotes":""},"class_list":["post-1099","page","type-page","status-publish","hentry"],"yoast_head":"<!-- This site is optimized with the Yoast SEO plugin v27.4 - https:\/\/yoast.com\/product\/yoast-seo-wordpress\/ -->\n<title>Isolation et Habillage - Id\u00e9e Van<\/title>\n<meta name=\"description\" content=\"Id\u00e9e van vous r\u00e9alise votre am\u00e9nagement de fourgon ou van de A \u00e0 Z\" \/>\n<meta name=\"robots\" content=\"index, follow, max-snippet:-1, max-image-preview:large, max-video-preview:-1\" \/>\n<link rel=\"canonical\" href=\"https:\/\/ideevan.fr\/index.php\/1099-2\/\" \/>\n<meta property=\"og:locale\" content=\"en_US\" \/>\n<meta property=\"og:type\" content=\"article\" \/>\n<meta property=\"og:title\" content=\"Isolation et Habillage - Id\u00e9e Van\" \/>\n<meta property=\"og:description\" content=\"Id\u00e9e van vous r\u00e9alise votre am\u00e9nagement de fourgon ou van de A \u00e0 Z\" \/>\n<meta property=\"og:url\" content=\"https:\/\/ideevan.fr\/index.php\/1099-2\/\" \/>\n<meta property=\"og:site_name\" content=\"Id\u00e9e Van\" \/>\n<meta property=\"article:publisher\" content=\"https:\/\/www.facebook.com\/Alex.19869\" \/>\n<meta property=\"article:modified_time\" content=\"2021-08-09T18:39:01+00:00\" \/>\n<meta property=\"og:image\" content=\"https:\/\/ideevan.fr\/wp-content\/uploads\/2021\/03\/PHOTO_BOIS-scaled.jpg\" \/>\n<meta name=\"twitter:card\" content=\"summary_large_image\" \/>\n<meta name=\"twitter:label1\" content=\"Est. reading time\" \/>\n\t<meta name=\"twitter:data1\" content=\"3 minutes\" \/>\n<script type=\"application\/ld+json\" class=\"yoast-schema-graph\">{\"@context\":\"https:\\\/\\\/schema.org\",\"@graph\":[{\"@type\":\"WebPage\",\"@id\":\"https:\\\/\\\/ideevan.fr\\\/index.php\\\/1099-2\\\/\",\"url\":\"https:\\\/\\\/ideevan.fr\\\/index.php\\\/1099-2\\\/\",\"name\":\"Isolation et Habillage - Id\u00e9e Van\",\"isPartOf\":{\"@id\":\"https:\\\/\\\/ideevan.fr\\\/#website\"},\"primaryImageOfPage\":{\"@id\":\"https:\\\/\\\/ideevan.fr\\\/index.php\\\/1099-2\\\/#primaryimage\"},\"image\":{\"@id\":\"https:\\\/\\\/ideevan.fr\\\/index.php\\\/1099-2\\\/#primaryimage\"},\"thumbnailUrl\":\"https:\\\/\\\/ideevan.fr\\\/wp-content\\\/uploads\\\/2021\\\/03\\\/PHOTO_BOIS-scaled.jpg\",\"datePublished\":\"2021-08-05T14:36:13+00:00\",\"dateModified\":\"2021-08-09T18:39:01+00:00\",\"description\":\"Id\u00e9e van vous r\u00e9alise votre am\u00e9nagement de fourgon ou van de A \u00e0 Z\",\"breadcrumb\":{\"@id\":\"https:\\\/\\\/ideevan.fr\\\/index.php\\\/1099-2\\\/#breadcrumb\"},\"inLanguage\":\"en-US\",\"potentialAction\":[{\"@type\":\"ReadAction\",\"target\":[\"https:\\\/\\\/ideevan.fr\\\/index.php\\\/1099-2\\\/\"]}]},{\"@type\":\"ImageObject\",\"inLanguage\":\"en-US\",\"@id\":\"https:\\\/\\\/ideevan.fr\\\/index.php\\\/1099-2\\\/#primaryimage\",\"url\":\"https:\\\/\\\/i0.wp.com\\\/ideevan.fr\\\/wp-content\\\/uploads\\\/2021\\\/03\\\/PHOTO_BOIS-scaled.jpg?fit=2560%2C1707&ssl=1\",\"contentUrl\":\"https:\\\/\\\/i0.wp.com\\\/ideevan.fr\\\/wp-content\\\/uploads\\\/2021\\\/03\\\/PHOTO_BOIS-scaled.jpg?fit=2560%2C1707&ssl=1\",\"width\":2560,\"height\":1707,\"caption\":\"yellow natural wood texture background\"},{\"@type\":\"BreadcrumbList\",\"@id\":\"https:\\\/\\\/ideevan.fr\\\/index.php\\\/1099-2\\\/#breadcrumb\",\"itemListElement\":[{\"@type\":\"ListItem\",\"position\":1,\"name\":\"Am\u00e9nagement fourgon\",\"item\":\"https:\\\/\\\/ideevan.fr\\\/\"},{\"@type\":\"ListItem\",\"position\":2,\"name\":\"Isolation et Habillage\"}]},{\"@type\":\"WebSite\",\"@id\":\"https:\\\/\\\/ideevan.fr\\\/#website\",\"url\":\"https:\\\/\\\/ideevan.fr\\\/\",\"name\":\"Id\u00e9e Van\",\"description\":\"Un site utilisant WordPress\",\"publisher\":{\"@id\":\"https:\\\/\\\/ideevan.fr\\\/#organization\"},\"potentialAction\":[{\"@type\":\"SearchAction\",\"target\":{\"@type\":\"EntryPoint\",\"urlTemplate\":\"https:\\\/\\\/ideevan.fr\\\/?s={search_term_string}\"},\"query-input\":{\"@type\":\"PropertyValueSpecification\",\"valueRequired\":true,\"valueName\":\"search_term_string\"}}],\"inLanguage\":\"en-US\"},{\"@type\":\"Organization\",\"@id\":\"https:\\\/\\\/ideevan.fr\\\/#organization\",\"name\":\"id\u00e9e van\",\"url\":\"https:\\\/\\\/ideevan.fr\\\/\",\"logo\":{\"@type\":\"ImageObject\",\"inLanguage\":\"en-US\",\"@id\":\"https:\\\/\\\/ideevan.fr\\\/#\\\/schema\\\/logo\\\/image\\\/\",\"url\":\"https:\\\/\\\/i1.wp.com\\\/ideevan.fr\\\/wp-content\\\/uploads\\\/2021\\\/03\\\/Logo_IDvanOK.png?fit=1241%2C1241&ssl=1\",\"contentUrl\":\"https:\\\/\\\/i1.wp.com\\\/ideevan.fr\\\/wp-content\\\/uploads\\\/2021\\\/03\\\/Logo_IDvanOK.png?fit=1241%2C1241&ssl=1\",\"width\":1241,\"height\":1241,\"caption\":\"id\u00e9e van\"},\"image\":{\"@id\":\"https:\\\/\\\/ideevan.fr\\\/#\\\/schema\\\/logo\\\/image\\\/\"},\"sameAs\":[\"https:\\\/\\\/www.facebook.com\\\/Alex.19869\",\"https:\\\/\\\/www.instagram.com\\\/ideevan38\\\/\"]}]}<\/script>\n<!-- \/ Yoast SEO plugin. -->","yoast_head_json":{"title":"Isolation et Habillage - Id\u00e9e Van","description":"Id\u00e9e van vous r\u00e9alise votre am\u00e9nagement de fourgon ou van de A \u00e0 Z","robots":{"index":"index","follow":"follow","max-snippet":"max-snippet:-1","max-image-preview":"max-image-preview:large","max-video-preview":"max-video-preview:-1"},"canonical":"https:\/\/ideevan.fr\/index.php\/1099-2\/","og_locale":"en_US","og_type":"article","og_title":"Isolation et Habillage - Id\u00e9e Van","og_description":"Id\u00e9e van vous r\u00e9alise votre am\u00e9nagement de fourgon ou van de A \u00e0 Z","og_url":"https:\/\/ideevan.fr\/index.php\/1099-2\/","og_site_name":"Id\u00e9e Van","article_publisher":"https:\/\/www.facebook.com\/Alex.19869","article_modified_time":"2021-08-09T18:39:01+00:00","og_image":[{"url":"https:\/\/ideevan.fr\/wp-content\/uploads\/2021\/03\/PHOTO_BOIS-scaled.jpg","type":"","width":"","height":""}],"twitter_card":"summary_large_image","twitter_misc":{"Est. reading time":"3 minutes"},"schema":{"@context":"https:\/\/schema.org","@graph":[{"@type":"WebPage","@id":"https:\/\/ideevan.fr\/index.php\/1099-2\/","url":"https:\/\/ideevan.fr\/index.php\/1099-2\/","name":"Isolation et Habillage - Id\u00e9e Van","isPartOf":{"@id":"https:\/\/ideevan.fr\/#website"},"primaryImageOfPage":{"@id":"https:\/\/ideevan.fr\/index.php\/1099-2\/#primaryimage"},"image":{"@id":"https:\/\/ideevan.fr\/index.php\/1099-2\/#primaryimage"},"thumbnailUrl":"https:\/\/ideevan.fr\/wp-content\/uploads\/2021\/03\/PHOTO_BOIS-scaled.jpg","datePublished":"2021-08-05T14:36:13+00:00","dateModified":"2021-08-09T18:39:01+00:00","description":"Id\u00e9e van vous r\u00e9alise votre am\u00e9nagement de fourgon ou van de A \u00e0 Z","breadcrumb":{"@id":"https:\/\/ideevan.fr\/index.php\/1099-2\/#breadcrumb"},"inLanguage":"en-US","potentialAction":[{"@type":"ReadAction","target":["https:\/\/ideevan.fr\/index.php\/1099-2\/"]}]},{"@type":"ImageObject","inLanguage":"en-US","@id":"https:\/\/ideevan.fr\/index.php\/1099-2\/#primaryimage","url":"https:\/\/i0.wp.com\/ideevan.fr\/wp-content\/uploads\/2021\/03\/PHOTO_BOIS-scaled.jpg?fit=2560%2C1707&ssl=1","contentUrl":"https:\/\/i0.wp.com\/ideevan.fr\/wp-content\/uploads\/2021\/03\/PHOTO_BOIS-scaled.jpg?fit=2560%2C1707&ssl=1","width":2560,"height":1707,"caption":"yellow natural wood texture background"},{"@type":"BreadcrumbList","@id":"https:\/\/ideevan.fr\/index.php\/1099-2\/#breadcrumb","itemListElement":[{"@type":"ListItem","position":1,"name":"Am\u00e9nagement fourgon","item":"https:\/\/ideevan.fr\/"},{"@type":"ListItem","position":2,"name":"Isolation et Habillage"}]},{"@type":"WebSite","@id":"https:\/\/ideevan.fr\/#website","url":"https:\/\/ideevan.fr\/","name":"Id\u00e9e Van","description":"Un site utilisant WordPress","publisher":{"@id":"https:\/\/ideevan.fr\/#organization"},"potentialAction":[{"@type":"SearchAction","target":{"@type":"EntryPoint","urlTemplate":"https:\/\/ideevan.fr\/?s={search_term_string}"},"query-input":{"@type":"PropertyValueSpecification","valueRequired":true,"valueName":"search_term_string"}}],"inLanguage":"en-US"},{"@type":"Organization","@id":"https:\/\/ideevan.fr\/#organization","name":"id\u00e9e van","url":"https:\/\/ideevan.fr\/","logo":{"@type":"ImageObject","inLanguage":"en-US","@id":"https:\/\/ideevan.fr\/#\/schema\/logo\/image\/","url":"https:\/\/i1.wp.com\/ideevan.fr\/wp-content\/uploads\/2021\/03\/Logo_IDvanOK.png?fit=1241%2C1241&ssl=1","contentUrl":"https:\/\/i1.wp.com\/ideevan.fr\/wp-content\/uploads\/2021\/03\/Logo_IDvanOK.png?fit=1241%2C1241&ssl=1","width":1241,"height":1241,"caption":"id\u00e9e van"},"image":{"@id":"https:\/\/ideevan.fr\/#\/schema\/logo\/image\/"},"sameAs":["https:\/\/www.facebook.com\/Alex.19869","https:\/\/www.instagram.com\/ideevan38\/"]}]}},"uagb_featured_image_src":{"full":false,"thumbnail":false,"medium":false,"medium_large":false,"large":false,"1536x1536":false,"2048x2048":false,"neve-blog":false},"uagb_author_info":{"display_name":"Alex d'Id\u00e9e Van","author_link":"https:\/\/ideevan.fr\/index.php\/author\/admin9689\/"},"uagb_comment_info":0,"uagb_excerpt":null,"jetpack_sharing_enabled":true,"jetpack_likes_enabled":true,"jetpack-related-posts":[],"_links":{"self":[{"href":"https:\/\/ideevan.fr\/index.php\/wp-json\/wp\/v2\/pages\/1099","targetHints":{"allow":["GET"]}}],"collection":[{"href":"https:\/\/ideevan.fr\/index.php\/wp-json\/wp\/v2\/pages"}],"about":[{"href":"https:\/\/ideevan.fr\/index.php\/wp-json\/wp\/v2\/types\/page"}],"author":[{"embeddable":true,"href":"https:\/\/ideevan.fr\/index.php\/wp-json\/wp\/v2\/users\/1"}],"replies":[{"embeddable":true,"href":"https:\/\/ideevan.fr\/index.php\/wp-json\/wp\/v2\/comments?post=1099"}],"version-history":[{"count":18,"href":"https:\/\/ideevan.fr\/index.php\/wp-json\/wp\/v2\/pages\/1099\/revisions"}],"predecessor-version":[{"id":1277,"href":"https:\/\/ideevan.fr\/index.php\/wp-json\/wp\/v2\/pages\/1099\/revisions\/1277"}],"wp:attachment":[{"href":"https:\/\/ideevan.fr\/index.php\/wp-json\/wp\/v2\/media?parent=1099"}],"curies":[{"name":"wp","href":"https:\/\/api.w.org\/{rel}","templated":true}]}}